{"id":3160,"date":"2025-11-08T20:33:41","date_gmt":"2025-11-08T20:33:41","guid":{"rendered":"https:\/\/www.maxhealthgroup.com.tr\/?page_id=3160"},"modified":"2025-11-11T23:33:07","modified_gmt":"2025-11-11T23:33:07","slug":"flights","status":"publish","type":"page","link":"https:\/\/www.maxhealthgroup.com.tr\/tr\/flights\/","title":{"rendered":"flights"},"content":{"rendered":"<section class=\"section\" id=\"section_1167697262\">\n\t\t<div class=\"section-bg fill\" >\n\t\t\t\t\t\t\t\t\t\n\t\t\t\n\n\t\t<\/div>\n\n\t\t\n\n\t\t<div class=\"section-content relative\">\n\t\t\t\n\n<div class=\"row row-collapse row-full-width align-middle\"  id=\"row-1411264376\">\n\n\n\t<div id=\"col-1480576909\" class=\"col medium-6 small-12 large-6\"  >\n\t\t\t\t<div class=\"col-inner\"  >\n\t\t\t\n\t\t\t\n\n\n  <div class=\"banner has-hover\" id=\"banner-669953453\">\n          <div class=\"banner-inner fill\">\n        <div class=\"banner-bg fill\" >\n            <img loading=\"lazy\" decoding=\"async\" width=\"1020\" height=\"1020\" src=\"https:\/\/www.maxhealthgroup.com.tr\/wp-content\/uploads\/plane-over-istanbul.avif\" class=\"bg attachment-large size-large\" alt=\"\" \/>                                    \n                    <\/div>\n\t\t\n        <div class=\"banner-layers container\">\n            <div class=\"fill banner-link\"><\/div>            \n\n\n        <\/div>\n      <\/div>\n\n            \n<style>\n#banner-669953453 {\n  padding-top: 300px;\n  background-color: rgba(255, 255, 255, 0);\n}\n#banner-669953453 .banner-bg img {\n  object-position: 47% 68%;\n}\n@media (min-width:550px) {\n  #banner-669953453 {\n    padding-top: 650px;\n  }\n}\n<\/style>\n  <\/div>\n\n\n\n\t\t<\/div>\n\t\t\t\t\t<\/div>\n\n\t\n\n\t<div id=\"col-534176113\" class=\"col medium-6 small-12 large-6\"  >\n\t\t\t\t<div class=\"col-inner\"  >\n\t\t\t\n\t\t\t\n\n<div class=\"row align-center\"  id=\"row-2009318184\">\n\n\n\t<div id=\"col-1468040286\" class=\"col medium-9 small-12 large-9\"  >\n\t\t\t\t<div class=\"col-inner\"  >\n\t\t\t\n\t\t\t\n\n\t<div id=\"text-3307297113\" class=\"text\">\n\t\t\n\n<h1>\u0130stanbul'a M\u00fckemmel U\u00e7u\u015fu Bulun<\/h1>\n\t\t\n<style>\n#text-3307297113 {\n  font-size: 1.5rem;\n  text-align: center;\n}\n@media (min-width:850px) {\n  #text-3307297113 {\n    font-size: 1.75rem;\n  }\n}\n<\/style>\n\t<\/div>\n\t\n\t<div id=\"text-2661297392\" class=\"text\">\n\t\t\n\n<p>D\u00fcnya \u00e7ap\u0131ndaki b\u00fcy\u00fck havayollar\u0131n\u0131n \u00fccretlerini h\u0131zl\u0131ca aray\u0131n ve kar\u015f\u0131la\u015ft\u0131r\u0131n. T\u00fcrkiye seyahat plan\u0131n\u0131z i\u00e7in en uygun tarihleri ve fiyatlar\u0131 bularak yolculu\u011funuza buradan ba\u015flay\u0131n.<\/p>\n\t\t\n<style>\n#text-2661297392 {\n  font-size: 1.1rem;\n}\n<\/style>\n\t<\/div>\n\t\n\t<div id=\"gap-403157105\" class=\"gap-element clearfix\" style=\"display:block; height:auto;\">\n\t\t\n<style>\n#gap-403157105 {\n  padding-top: 20px;\n}\n<\/style>\n\t<\/div>\n\t\n\n\n\t\t<\/div>\n\t\t\t\t\n<style>\n#col-1468040286 > .col-inner {\n  padding: 50px 20px 20px 20px;\n}\n@media (min-width:550px) {\n  #col-1468040286 > .col-inner {\n    padding: 0px 0px 0px 0;\n  }\n}\n<\/style>\n\t<\/div>\n\n\t\n\n<\/div>\n\n\t\t<\/div>\n\t\t\t\t\t<\/div>\n\n\t\n\n<\/div>\n<div class=\"row\"  id=\"row-1438228736\">\n\n\n\t<div id=\"col-1931628102\" class=\"col small-12 large-12\"  >\n\t\t\t\t<div class=\"col-inner\" style=\"background-color:#273647;\" >\n\t\t\t\n\t\t\t\n\n<p><script async src=\"https:\/\/tpemd.com\/content?currency=eur&#038;trs=472152&#038;shmarker=342391&#038;show_hotels=false&#038;powered_by=false&#038;locale=en&#038;searchUrl=flight.maxhealthgroup.com.tr%2Fflights&#038;primary_override=%2332a8dd&#038;color_button=%2332a8dd&#038;color_icons=%2332a8dd&#038;dark=%23262626&#038;light=%23FFFFFF&#038;secondary=%23FFFFFF&#038;special=%23C4C4C4&#038;color_focused=%2332a8dd&#038;border_radius=0&#038;no_labels=&#038;plain=true&#038;destination=IST&#038;promo_id=7879&#038;campaign_id=100\" charset=\"utf-8\"><\/script><\/p>\n\n\t\t<\/div>\n\t\t\t\t\n<style>\n#col-1931628102 > .col-inner {\n  margin: -20px 0px 0px 0px;\n  border-radius: 20px;\n}\n@media (min-width:550px) {\n  #col-1931628102 > .col-inner {\n    margin: -95px 0px 0px 0px;\n  }\n}\n<\/style>\n\t<\/div>\n\n\t\n\n\n<style>\n#row-1438228736 > .col > .col-inner {\n  padding: 10% 10% 5% 10%;\n}\n@media (min-width:550px) {\n  #row-1438228736 > .col > .col-inner {\n    padding: 5% 5% 2% 5%;\n  }\n}\n<\/style>\n<\/div>\n\t<div id=\"gap-1180785627\" class=\"gap-element clearfix\" style=\"display:block; height:auto;\">\n\t\t\n<style>\n#gap-1180785627 {\n  padding-top: 100px;\n}\n<\/style>\n\t<\/div>\n\t\n\n\n\t\t<\/div>\n\n\t\t\n<style>\n#section_1167697262 {\n  padding-top: 0px;\n  padding-bottom: 0px;\n}\n<\/style>\n\t<\/section>\n\t\n<div class=\"row\"  id=\"row-609881749\">\n\n\n\t<div id=\"col-1664970653\" class=\"col small-12 large-12\"  >\n\t\t\t\t<div class=\"col-inner\"  >\n\t\t\t\n\t\t\t\n\n\t<div id=\"text-3798533803\" class=\"text\">\n\t\t\n\n<h2>T\u00fcrkiye'ye Uygun Maliyetli Seyahat Planlamas\u0131<\/h2>\n\t\t\n<style>\n#text-3798533803 {\n  font-size: 1.75rem;\n  text-align: center;\n}\n<\/style>\n\t<\/div>\n\t\n\t<div id=\"gap-1978211602\" class=\"gap-element clearfix\" style=\"display:block; height:auto;\">\n\t\t\n<style>\n#gap-1978211602 {\n  padding-top: 30px;\n}\n<\/style>\n\t<\/div>\n\t\n\n\t<div id=\"text-1765093999\" class=\"text\">\n\t\t\n\n<p>Tahmin etmeyi b\u0131rak! <\/br> Arac\u0131m\u0131z size \u00f6n\u00fcm\u00fczdeki aylar i\u00e7in \u015fu anda mevcut olan garantili en d\u00fc\u015f\u00fck ortalama u\u00e7u\u015f fiyatlar\u0131n\u0131 g\u00f6sterir. <\/br>\u0130stanbul i\u00e7in m\u00fckemmel seyahat tarihlerini bulun ve mutlak en iyi fiyatla rezervasyon yap\u0131n.<\/p>\n\t\t\n<style>\n#text-1765093999 {\n  font-size: 1.2rem;\n  text-align: center;\n}\n<\/style>\n\t<\/div>\n\t\n\n\t\t<\/div>\n\t\t\t\t\t<\/div>\n\n\t\n\n\t<div id=\"col-1947564801\" class=\"col medium-6 small-12 large-6\"  >\n\t\t\t\t<div class=\"col-inner\"  >\n\t\t\t\n\t\t\t\n\n\n\t<section class=\"section\" id=\"section_1636722252\">\n\t\t<div class=\"section-bg fill\" >\n\t\t\t<img loading=\"lazy\" decoding=\"async\" width=\"1024\" height=\"1024\" src=\"https:\/\/www.maxhealthgroup.com.tr\/wp-content\/uploads\/flght-price.avif\" class=\"bg attachment-original size-original\" alt=\"\" \/>\t\t\t\t\t\t\n\t\t\t\n\n\t\t<\/div>\n\n\t\t\n\n\t\t<div class=\"section-content relative\">\n\t\t\t\n\n\n\t\t<\/div>\n\n\t\t\n<style>\n#section_1636722252 {\n  padding-top: 30px;\n  padding-bottom: 30px;\n  min-height: 450px;\n}\n#section_1636722252 .section-bg img {\n  object-position: 52% 51%;\n}\n<\/style>\n\t<\/section>\n\t\n\n\t\t<\/div>\n\t\t\t\t\t<\/div>\n\n\t\n\n\t<div id=\"col-786055714\" class=\"col medium-6 small-12 large-6\"  >\n\t\t\t\t<div class=\"col-inner\"  >\n\t\t\t\n\t\t\t\n\n<p><script async src=\"https:\/\/tpemd.com\/content?currency=eur&#038;trs=472152&#038;shmarker=342391&#038;searchUrl=flight.maxhealthgroup.com.tr%2Fflights&#038;locale=en&#038;powered_by=false&#038;destination=IST&#038;one_way=false&#038;only_direct=false&#038;period=year&#038;range=2%2C5&#038;primary=%230C73FE&#038;color_background=%23ffffff&#038;dark=%23000000&#038;light=%23FFFFFF&#038;achieve=%2345AD35&#038;promo_id=4041&#038;campaign_id=100\" charset=\"utf-8\"><\/script><\/p>\n\n\t\t<\/div>\n\t\t\t\t\t<\/div>\n\n\t\n\n<\/div>\n\n\t<section class=\"section\" id=\"section_910293671\">\n\t\t<div class=\"section-bg fill\" >\n\t\t\t\t\t\t\t\t\t\n\t\t\t\n\n\t\t<\/div>\n\n\t\t\n\n\t\t<div class=\"section-content relative\">\n\t\t\t\n\n<div class=\"row\"  id=\"row-365482926\">\n\n\n\t<div id=\"col-418976294\" class=\"col small-12 large-12\"  >\n\t\t\t\t<div class=\"col-inner\"  >\n\t\t\t\n\t\t\t\n\n\t<div id=\"text-2788366179\" class=\"text\">\n\t\t\n\n<h2>\u00d6zel Teklifler<\/h2>\n\t\t\n<style>\n#text-2788366179 {\n  font-size: 1.75rem;\n  text-align: center;\n}\n<\/style>\n\t<\/div>\n\t\n\n\t\t<\/div>\n\t\t\t\t\t<\/div>\n\n\t\n\n\t<div id=\"col-983138895\" class=\"col small-12 large-12\"  >\n\t\t\t\t<div class=\"col-inner text-center\"  >\n\t\t\t\n\t\t\t\n\n\n\n<div class=\"TPWL-front-content-special_offers\" data-no-translation=\"\">\n   \n    <div class=\"TPWL-front-content-special_offers-container\" is=\"ducklett\"><script initialized=\"true\" script-initialized=\"true\" src=\"https:\/\/aswidgets.travelpayouts.com\/ducklett\/scripts_en.js?powered_by=false&amp;widget_type=brickwork&amp;currency=eur&amp;host=flight.maxhealthgroup.com.tr&amp;marker=342391.Zze6fa52b48d4e4b37a940919-342391.%241489&amp;limit=6&amp;locale=en\"><\/script><div><div class=\"ducklett-widget-xl\"><div class=\"ducklett-widget\"><div class=\"ducklett-widget-type_brickwork\"><div class=\"ducklett-slider-wrapper\"><ul class=\"ducklett-widget-wrapper ducklett-widget-wrapper--brickwork\" role=\"offers-brickwork\"><li class=\"ducklett-widget-wrapper-item\"><section class=\"ducklett-special_offer ducklett-special_offer--XQ\"><div class=\"ducklett-special_offer-title-wrapper\"><div class=\"ducklett-special_offer__title\">Flight deals from Antalya<\/div><\/div><div class=\"ducklett-special_offer-body\"><div class=\"ducklett-special_offer-body-price\" style=\"background-image: url('\/\/pics.avs.io\/122\/56\/XQ@2x.png')!important;\"><div class=\"ducklett-special_offer-body-price-after-discount\"> from <span class=\"ducklett-currency_font ducklett-currency_font--eur\"><span class=\"ducklett-number\">39<\/span><\/span><\/div><div class=\"ducklett-special_offer-body-price-sale_end\">2025-12-22<\/div><\/div><div class=\"ducklett-special_offer-body__description\">Flight deals from Antalya to&nbsp;Saarbruecken<\/div><div class=\"ducklett-special_offer-body--button-wrapper\"><button class=\"ducklett-special_offer-body__button\" role=\"popup-trigger\" data-offer-index=\"0\">Show details<\/button><\/div><\/div><\/section><\/li><li class=\"ducklett-widget-wrapper-item\"><section class=\"ducklett-special_offer ducklett-special_offer--XQ\"><div class=\"ducklett-special_offer-title-wrapper\"><div class=\"ducklett-special_offer__title\">Flight deals from Antalya<\/div><\/div><div class=\"ducklett-special_offer-body\"><div class=\"ducklett-special_offer-body-price\" style=\"background-image: url('\/\/pics.avs.io\/122\/56\/XQ@2x.png')!important;\"><div class=\"ducklett-special_offer-body-price-after-discount\"> from <span class=\"ducklett-currency_font ducklett-currency_font--eur\"><span class=\"ducklett-number\">44<\/span><\/span><\/div><div class=\"ducklett-special_offer-body-price-sale_end\">2025-12-21<\/div><\/div><div class=\"ducklett-special_offer-body__description\">Flight deals from Antalya to&nbsp;Paderborn<\/div><div class=\"ducklett-special_offer-body--button-wrapper\"><button class=\"ducklett-special_offer-body__button\" role=\"popup-trigger\" data-offer-index=\"1\">Show details<\/button><\/div><\/div><\/section><\/li><li class=\"ducklett-widget-wrapper-item\"><section class=\"ducklett-special_offer ducklett-special_offer--PC\"><div class=\"ducklett-special_offer-title-wrapper\"><div class=\"ducklett-special_offer__title\">Flight deals from Antalya<\/div><\/div><div class=\"ducklett-special_offer-body\"><div class=\"ducklett-special_offer-body-price\" style=\"background-image: url('\/\/pics.avs.io\/122\/56\/PC@2x.png')!important;\"><div class=\"ducklett-special_offer-body-price-after-discount\"> from <span class=\"ducklett-currency_font ducklett-currency_font--eur\"><span class=\"ducklett-number\">47<\/span><\/span><\/div><div class=\"ducklett-special_offer-body-price-sale_end\">2025-12-09<\/div><\/div><div class=\"ducklett-special_offer-body__description\">Flight deals from Antalya to&nbsp;Tallinn<\/div><div class=\"ducklett-special_offer-body--button-wrapper\"><button class=\"ducklett-special_offer-body__button\" role=\"popup-trigger\" data-offer-index=\"2\">Show details<\/button><\/div><\/div><\/section><\/li><li class=\"ducklett-widget-wrapper-item\"><section class=\"ducklett-special_offer ducklett-special_offer--PC\"><div class=\"ducklett-special_offer-title-wrapper\"><div class=\"ducklett-special_offer__title\">Flight deals from Antalya<\/div><\/div><div class=\"ducklett-special_offer-body\"><div class=\"ducklett-special_offer-body-price\" style=\"background-image: url('\/\/pics.avs.io\/122\/56\/PC@2x.png')!important;\"><div class=\"ducklett-special_offer-body-price-after-discount\"> from <span class=\"ducklett-currency_font ducklett-currency_font--eur\"><span class=\"ducklett-number\">27<\/span><\/span><\/div><div class=\"ducklett-special_offer-body-price-sale_end\">2025-12-18<\/div><\/div><div class=\"ducklett-special_offer-body__description\">Flight deals from Antalya to&nbsp;Stuttgart<\/div><div class=\"ducklett-special_offer-body--button-wrapper\"><button class=\"ducklett-special_offer-body__button\" role=\"popup-trigger\" data-offer-index=\"3\">Show details<\/button><\/div><\/div><\/section><\/li><li class=\"ducklett-widget-wrapper-item\"><section class=\"ducklett-special_offer ducklett-special_offer--U2\"><div class=\"ducklett-special_offer-title-wrapper\"><div class=\"ducklett-special_offer__title\">Flight deals from Antalya<\/div><\/div><div class=\"ducklett-special_offer-body\"><div class=\"ducklett-special_offer-body-price\" style=\"background-image: url('\/\/pics.avs.io\/122\/56\/U2@2x.png')!important;\"><div class=\"ducklett-special_offer-body-price-after-discount\"> from <span class=\"ducklett-currency_font ducklett-currency_font--eur\"><span class=\"ducklett-number\">31<\/span><\/span><\/div><div class=\"ducklett-special_offer-body-price-sale_end\">2025-12-18<\/div><\/div><div class=\"ducklett-special_offer-body__description\">Flight deals from Antalya to&nbsp;Bristol<\/div><div class=\"ducklett-special_offer-body--button-wrapper\"><button class=\"ducklett-special_offer-body__button\" role=\"popup-trigger\" data-offer-index=\"4\">Show details<\/button><\/div><\/div><\/section><\/li><li class=\"ducklett-widget-wrapper-item\"><section class=\"ducklett-special_offer ducklett-special_offer--U2\"><div class=\"ducklett-special_offer-title-wrapper\"><div class=\"ducklett-special_offer__title\">Flight deals from Antalya<\/div><\/div><div class=\"ducklett-special_offer-body\"><div class=\"ducklett-special_offer-body-price\" style=\"background-image: url('\/\/pics.avs.io\/122\/56\/U2@2x.png')!important;\"><div class=\"ducklett-special_offer-body-price-after-discount\"> from <span class=\"ducklett-currency_font ducklett-currency_font--eur\"><span class=\"ducklett-number\">33<\/span><\/span><\/div><div class=\"ducklett-special_offer-body-price-sale_end\">2025-12-17<\/div><\/div><div class=\"ducklett-special_offer-body__description\">Flight deals from Antalya to&nbsp;Manchester<\/div><div class=\"ducklett-special_offer-body--button-wrapper\"><button class=\"ducklett-special_offer-body__button\" role=\"popup-trigger\" data-offer-index=\"5\">Show details<\/button><\/div><\/div><\/section><\/li><\/ul><\/div><\/div><div class=\"ducklett-widget-credits\" role=\"powered_by\"><div style=\"display: none !important; text-align: center !important; margin-top: 10px !important;\" class=\"tp_powered_by\"><a style=\"display: inline-block !important; height:16px !important; background: none !important; background-color: transparent !important; border: 0 !important; box-shadow: none !important; box-sizing: border-box !important; color: none !important; cursor:pointer !important; margin: 0 !important; vertical-align: baseline !important; text-align: left !important; text-decoration: none !important; text-indent: 0 !important; text-transform: none !important; text-shadow: none !important; white-space: normal !important; letter-spacing: 0 !important; float: none !important; font: inherit !important; font-style: normal !important; font-weight: normal !important; font-size: 100% !important; line-height: 1 !important; padding: 0 !important; position: initial !important; \" href=\"\/\/https:\/\/www.google.com\/search?q=www.travelpayouts.com%3Fmarker%3D342391.poweredby%26utm_source%3Dpowered_by%26utm_medium%3Dwidget%26utm_campaign%3Dducklett\" rel=\"nofollow\" target=\"_blank\"><img loading=\"lazy\" decoding=\"async\" width=\"167\" height=\"16\" alt=\"powered_by\" src=\"https:\/\/www.travelpayouts.com\/powered_by\/img\/tp.png\" style=\"opacity:0.4;padding:0 5px !important;box-sizing: content-box !important;\" onmouseover=\"this.style&#091;'opacity'&#093; = 1\" onmouseout=\"this.style&#091;'opacity'&#093; = 0.4\"><\/a><\/div><\/div><\/div><\/div><\/div><script charset=\"UTF-8\" async=\"true\" src=\"\/\/www.travelpayouts.com\/ducklett\/scripts_en.js?powered_by=false&amp;widget_type=brickwork&amp;currency=eur&amp;host=flight.maxhealthgroup.com.tr&amp;marker=342391.Zze6fa52b48d4e4b37a940919-342391.$1489&amp;limit=6&amp;locale=en\" script-initialized=\"true\" initialized=\"true\"><\/script><\/div> <\/div> <\/div>\n\n\n\t\t<\/div>\n\t\t\t\t\t<\/div>\n\n\t\n\n<\/div>\n\n\t\t<\/div>\n\n\t\t\n<style>\n#section_910293671 {\n  padding-top: 80px;\n  padding-bottom: 80px;\n}\n<\/style>\n\t<\/section>","protected":false},"excerpt":{"rendered":"","protected":false},"author":1,"featured_media":0,"parent":0,"menu_order":0,"comment_status":"closed","ping_status":"closed","template":"","meta":{"footnotes":""},"class_list":["post-3160","page","type-page","status-publish","hentry"],"_links":{"self":[{"href":"https:\/\/www.maxhealthgroup.com.tr\/tr\/wp-json\/wp\/v2\/pages\/3160","targetHints":{"allow":["GET"]}}],"collection":[{"href":"https:\/\/www.maxhealthgroup.com.tr\/tr\/wp-json\/wp\/v2\/pages"}],"about":[{"href":"https:\/\/www.maxhealthgroup.com.tr\/tr\/wp-json\/wp\/v2\/types\/page"}],"author":[{"embeddable":true,"href":"https:\/\/www.maxhealthgroup.com.tr\/tr\/wp-json\/wp\/v2\/users\/1"}],"replies":[{"embeddable":true,"href":"https:\/\/www.maxhealthgroup.com.tr\/tr\/wp-json\/wp\/v2\/comments?post=3160"}],"version-history":[{"count":42,"href":"https:\/\/www.maxhealthgroup.com.tr\/tr\/wp-json\/wp\/v2\/pages\/3160\/revisions"}],"predecessor-version":[{"id":3482,"href":"https:\/\/www.maxhealthgroup.com.tr\/tr\/wp-json\/wp\/v2\/pages\/3160\/revisions\/3482"}],"wp:attachment":[{"href":"https:\/\/www.maxhealthgroup.com.tr\/tr\/wp-json\/wp\/v2\/media?parent=3160"}],"curies":[{"name":"wp","href":"https:\/\/api.w.org\/{rel}","templated":true}]}}